{"id":21652,"date":"2024-08-27T14:17:37","date_gmt":"2024-08-27T11:21:42","guid":{"rendered":"https:\/\/berliderma.com\/product\/age-defense-cc-cream-spf-50-light\/"},"modified":"2024-09-13T09:07:30","modified_gmt":"2024-09-13T06:07:30","slug":"age-defense-cc-cream-spf-50-light","status":"publish","type":"product","link":"https:\/\/berliderma.com\/en\/product\/age-defense-cc-cream-spf-50-light\/","title":{"rendered":"AGE DEFENSE CC CREAM SPF 50 LIGHT, 50ml."},"content":{"rendered":"<p><span style=\"vertical-align: inherit;\"><span style=\"vertical-align: inherit;\">Die einzigartige Holy Land &#8211; Age Defense CC Cream SPF-50 LIGHT mit ihrem breiten Wirkungsspektrum kaschiert effektiv Hautunreinheiten, spendet Feuchtigkeit, bietet einen hohen Sonnenschutz und reduziert Falten.<\/p>\n<h3>Mode of application<\/h3>\n<p>An sonnigen Tagen auf die gereinigte Haut oder \u00fcber die Feuchtigkeitscreme auftragen und verteilen, um einen gleichm\u00e4\u00dfigen Hautton zu erzielen.<\/p>\n<h3>Structure<\/h3>\n<p>Extrakte aus Vitamin E, C, gr\u00fcnem Tee und Ginko Biloba, UVA- und UVB-Sonnenschutzfilter.<\/span><\/span><\/p>\n","protected":false},"excerpt":{"rendered":"<p>F\u00fcr Mature skin<\/p>\n","protected":false},"featured_media":21963,"template":"","meta":[],"product_brand":[],"product_cat":[1212,1226,1227],"product_tag":[],"class_list":{"0":"post-21652","1":"product","2":"type-product","3":"status-publish","4":"has-post-thumbnail","6":"product_cat-face","7":"product_cat-solar-protection","8":"product_cat-suncream","9":"pa_markenlinie-age-defense-en","10":"pa_volumen-50-ml-en-2","12":"first","13":"outofstock","14":"taxable","15":"shipping-taxable","16":"purchasable","17":"product-type-simple"},"_links":{"self":[{"href":"https:\/\/berliderma.com\/en\/wp-json\/wp\/v2\/product\/21652","targetHints":{"allow":["GET"]}}],"collection":[{"href":"https:\/\/berliderma.com\/en\/wp-json\/wp\/v2\/product"}],"about":[{"href":"https:\/\/berliderma.com\/en\/wp-json\/wp\/v2\/types\/product"}],"version-history":[{"count":2,"href":"https:\/\/berliderma.com\/en\/wp-json\/wp\/v2\/product\/21652\/revisions"}],"predecessor-version":[{"id":22652,"href":"https:\/\/berliderma.com\/en\/wp-json\/wp\/v2\/product\/21652\/revisions\/22652"}],"wp:featuredmedia":[{"embeddable":true,"href":"https:\/\/berliderma.com\/en\/wp-json\/wp\/v2\/media\/21963"}],"wp:attachment":[{"href":"https:\/\/berliderma.com\/en\/wp-json\/wp\/v2\/media?parent=21652"}],"wp:term":[{"taxonomy":"product_brand","embeddable":true,"href":"https:\/\/berliderma.com\/en\/wp-json\/wp\/v2\/product_brand?post=21652"},{"taxonomy":"product_cat","embeddable":true,"href":"https:\/\/berliderma.com\/en\/wp-json\/wp\/v2\/product_cat?post=21652"},{"taxonomy":"product_tag","embeddable":true,"href":"https:\/\/berliderma.com\/en\/wp-json\/wp\/v2\/product_tag?post=21652"}],"curies":[{"name":"wp","href":"https:\/\/api.w.org\/{rel}","templated":true}]}}