{"id":18148,"date":"2021-08-03T14:22:21","date_gmt":"2021-08-03T11:22:21","guid":{"rendered":"https:\/\/berliderma.com\/zahlungs-sowie-lieferbedingungen-2\/"},"modified":"2024-08-21T17:20:49","modified_gmt":"2024-08-21T14:20:49","slug":"zahlungs-sowie-lieferbedingungen","status":"publish","type":"page","link":"https:\/\/berliderma.com\/en\/zahlungs-sowie-lieferbedingungen\/","title":{"rendered":"Terms of payment and delivery"},"content":{"rendered":"<p><span style=\"font-weight: 400;\">Die Lieferung erfolgt so schnell wie m\u00f6glich. Standard Versandart kostet 5 EUR.<\/span><\/p>\n<p class=\"p2\">Die Lieferung innerhalb Deutschlands und der EU erfolgt durch DHL innerhalb von 14 Tagen und wird zum Tarif des Zustellers verrechnet.<\/p>\n<p><span style=\"font-weight: 400;\">Die Bezahlung gegen Vorkasse ist ebenfalls m\u00f6glich. Bitte achten sie bei dieser Zahlungsart darauf ihren vollst\u00e4ndigen Namen anzugeben.<\/span><\/p>\n<p><span style=\"font-weight: 400;\">Nach dem Bestellvorgang erhalten Sie eine Auftragsbest\u00e4tigung per E-Mail, in der alle wichtigen Informationen zur \u00dcberweisung enthalten sind.<\/span><\/p>\n<p><span style=\"font-weight: 400;\">Sie k\u00f6nnen Ihre Ware zus\u00e4tzlich versichern, indem Sie beim Bezahlen die entsprechende Option w\u00e4hlen. Die Versicherung kostet 1% des Produktwertes.<\/span><\/p>\n","protected":false},"excerpt":{"rendered":"<p>Die Lieferung erfolgt so schnell wie m\u00f6glich. Standard Versandart kostet 5 EUR. Die Lieferung innerhalb Deutschlands und der EU erfolgt<\/p>\n","protected":false},"author":1,"featured_media":0,"parent":0,"menu_order":0,"comment_status":"closed","ping_status":"closed","template":"","meta":{"footnotes":""},"class_list":["post-18148","page","type-page","status-publish","hentry"],"_links":{"self":[{"href":"https:\/\/berliderma.com\/en\/wp-json\/wp\/v2\/pages\/18148","targetHints":{"allow":["GET"]}}],"collection":[{"href":"https:\/\/berliderma.com\/en\/wp-json\/wp\/v2\/pages"}],"about":[{"href":"https:\/\/berliderma.com\/en\/wp-json\/wp\/v2\/types\/page"}],"author":[{"embeddable":true,"href":"https:\/\/berliderma.com\/en\/wp-json\/wp\/v2\/users\/1"}],"replies":[{"embeddable":true,"href":"https:\/\/berliderma.com\/en\/wp-json\/wp\/v2\/comments?post=18148"}],"version-history":[{"count":2,"href":"https:\/\/berliderma.com\/en\/wp-json\/wp\/v2\/pages\/18148\/revisions"}],"predecessor-version":[{"id":18153,"href":"https:\/\/berliderma.com\/en\/wp-json\/wp\/v2\/pages\/18148\/revisions\/18153"}],"wp:attachment":[{"href":"https:\/\/berliderma.com\/en\/wp-json\/wp\/v2\/media?parent=18148"}],"curies":[{"name":"wp","href":"https:\/\/api.w.org\/{rel}","templated":true}]}}